{"id":1109,"date":"2022-09-21T10:14:35","date_gmt":"2022-09-21T10:14:35","guid":{"rendered":"http:\/\/a47.hu\/?page_id=1109"},"modified":"2022-09-21T10:51:30","modified_gmt":"2022-09-21T10:51:30","slug":"adatkezelesi-tajekoztato","status":"publish","type":"page","link":"https:\/\/a47.hu\/en\/adatkezelesi-tajekoztato\/","title":{"rendered":"Adatkezel\u00e9si t\u00e1j\u00e9koztat\u00f3"},"content":{"rendered":"<div data-elementor-type=\"wp-page\" data-elementor-id=\"1109\" class=\"elementor elementor-1109\">\n\t\t\t\t\t\t\t\t\t<section class=\"elementor-section elementor-top-section elementor-element elementor-element-d18dacb elementor-section-content-middle elementor-section-boxed elementor-section-height-default elementor-section-height-default\" data-id=\"d18dacb\" data-element_type=\"section\">\n\t\t\t\t\t\t<div class=\"elementor-container elementor-column-gap-default\">\n\t\t\t\t\t<div class=\"elementor-column elementor-col-100 elementor-top-column elementor-element elementor-element-fd6e86f\" data-id=\"fd6e86f\" data-element_type=\"column\">\n\t\t\t<div class=\"elementor-widget-wrap elementor-element-populated\">\n\t\t\t\t\t\t\t\t<div class=\"elementor-element elementor-element-3c49712 elementor-align-center elementor-widget elementor-widget-embedpress_pdf\" data-id=\"3c49712\" data-element_type=\"widget\" data-widget_type=\"embedpress_pdf.default\">\n\t\t\t\t<div class=\"elementor-widget-container\">\n\t\t\t        <div class=\"embedpress-document-embed ep-doc-3f24c47424376689ca24914c9b10154b ose-document\" style=\"width: 1000px;height: 1000px; max-width:100%; display: inline-block\">\n\t                                            <div>\n                            <iframe allowfullscreen=\"true\" mozallowfullscreen=\"true\" webkitallowfullscreen=\"true\" style=\"width: 1000px;height: 1000px; max-width:100%;\" src=\"http:\/\/a47.hu\/wp-content\/uploads\/2022\/09\/4964-1615302850.pdf\" ><\/iframe>\n                        <\/div>\n\n                            <\/div>\n\n        \t\t<\/div>\n\t\t\t\t<\/div>\n\t\t\t\t\t<\/div>\n\t\t<\/div>\n\t\t\t\t\t\t\t<\/div>\n\t\t<\/section>\n\t\t\t\t\t\t\t<\/div>","protected":false},"excerpt":{"rendered":"","protected":false},"author":5,"featured_media":0,"parent":0,"menu_order":0,"comment_status":"closed","ping_status":"closed","template":"","meta":[],"_links":{"self":[{"href":"https:\/\/a47.hu\/en\/wp-json\/wp\/v2\/pages\/1109"}],"collection":[{"href":"https:\/\/a47.hu\/en\/wp-json\/wp\/v2\/pages"}],"about":[{"href":"https:\/\/a47.hu\/en\/wp-json\/wp\/v2\/types\/page"}],"author":[{"embeddable":true,"href":"https:\/\/a47.hu\/en\/wp-json\/wp\/v2\/users\/5"}],"replies":[{"embeddable":true,"href":"https:\/\/a47.hu\/en\/wp-json\/wp\/v2\/comments?post=1109"}],"version-history":[{"count":10,"href":"https:\/\/a47.hu\/en\/wp-json\/wp\/v2\/pages\/1109\/revisions"}],"predecessor-version":[{"id":1124,"href":"https:\/\/a47.hu\/en\/wp-json\/wp\/v2\/pages\/1109\/revisions\/1124"}],"wp:attachment":[{"href":"https:\/\/a47.hu\/en\/wp-json\/wp\/v2\/media?parent=1109"}],"curies":[{"name":"wp","href":"https:\/\/api.w.org\/{rel}","templated":true}]}}